{"id":49,"date":"2023-10-17T18:49:54","date_gmt":"2023-10-17T18:49:54","guid":{"rendered":"https:\/\/growthlife.space\/?page_id=49"},"modified":"2024-01-22T13:19:16","modified_gmt":"2024-01-22T13:19:16","slug":"ganduri","status":"publish","type":"page","link":"https:\/\/growthlife.space\/en\/ganduri\/","title":{"rendered":"Thoughts"},"content":{"rendered":"<div data-elementor-type=\"wp-page\" data-elementor-id=\"49\" class=\"elementor elementor-49\" data-elementor-post-type=\"page\">\n\t\t\t\t\t\t<section class=\"elementor-section elementor-top-section elementor-element elementor-element-2ec32da elementor-section-content-bottom elementor-section-height-min-height wd-section-stretch elementor-section-items-bottom elementor-section-boxed elementor-section-height-default\" data-id=\"2ec32da\" data-element_type=\"section\" data-settings=\"{&quot;background_background&quot;:&quot;video&quot;,&quot;background_video_link&quot;:&quot;https:\\\/\\\/youtu.be\\\/yRUGZgEIuZg&quot;,&quot;background_play_on_mobile&quot;:&quot;yes&quot;,&quot;background_privacy_mode&quot;:&quot;yes&quot;}\">\n\t\t\t\t\t\t\t\t<div class=\"elementor-background-video-container\" aria-hidden=\"true\">\n\t\t\t\t\t\t\t\t\t\t\t\t\t<div class=\"elementor-background-video-embed\"><\/div>\n\t\t\t\t\t\t\t\t\t\t\t\t<\/div>\n\t\t\t\t\t\t\t\t\t<div class=\"elementor-background-overlay\"><\/div>\n\t\t\t\t\t\t\t<div class=\"elementor-container elementor-column-gap-no\">\n\t\t\t\t\t<div class=\"elementor-column elementor-col-50 elementor-top-column elementor-element elementor-element-e955f11\" data-id=\"e955f11\" data-element_type=\"column\">\n\t\t\t<div class=\"elementor-widget-wrap elementor-element-populated\">\n\t\t\t\t\t\t<div class=\"elementor-element elementor-element-3cf7614 elementor-widget elementor-widget-heading\" data-id=\"3cf7614\" data-element_type=\"widget\" data-widget_type=\"heading.default\">\n\t\t\t\t<div class=\"elementor-widget-container\">\n\t\t\t\t\t<h2 class=\"elementor-heading-title elementor-size-default\">Fresh insights on growth, meaning and impact.<\/h2>\t\t\t\t<\/div>\n\t\t\t\t<\/div>\n\t\t\t\t<div class=\"elementor-element elementor-element-09fcb59 color-scheme-inherit text-left elementor-widget elementor-widget-text-editor\" data-id=\"09fcb59\" data-element_type=\"widget\" data-widget_type=\"text-editor.default\">\n\t\t\t\t<div class=\"elementor-widget-container\">\n\t\t\t\t\t\t\t\t\t<p>Short and effective sales, marketing or leadership lessons.<\/p><p>Delivered weekly.<\/p>\t\t\t\t\t\t\t\t<\/div>\n\t\t\t\t<\/div>\n\t\t\t\t<section class=\"elementor-section elementor-inner-section elementor-element elementor-element-42fe7d4 elementor-section-content-middle elementor-section-boxed elementor-section-height-default elementor-section-height-default wd-section-disabled\" data-id=\"42fe7d4\" data-element_type=\"section\">\n\t\t\t\t\t\t<div class=\"elementor-container elementor-column-gap-default\">\n\t\t\t\t\t<div class=\"elementor-column elementor-col-50 elementor-inner-column elementor-element elementor-element-494dcaa\" data-id=\"494dcaa\" data-element_type=\"column\">\n\t\t\t<div class=\"elementor-widget-wrap elementor-element-populated\">\n\t\t\t\t\t\t<div class=\"elementor-element elementor-element-6eff492 elementor-align-left elementor-widget elementor-widget-button\" data-id=\"6eff492\" data-element_type=\"widget\" data-widget_type=\"button.default\">\n\t\t\t\t<div class=\"elementor-widget-container\">\n\t\t\t\t\t\t\t\t\t<div class=\"elementor-button-wrapper\">\n\t\t\t\t\t<a class=\"elementor-button elementor-button-link elementor-size-sm\" href=\"#elementor-action%3Aaction%3Dpopup%3Aopen%26settings%3DeyJpZCI6IjEzODMiLCJ0b2dnbGUiOmZhbHNlfQ%3D%3D\">\n\t\t\t\t\t\t<span class=\"elementor-button-content-wrapper\">\n\t\t\t\t\t\t\t\t\t<span class=\"elementor-button-text\">Subscribe for free<\/span>\n\t\t\t\t\t<\/span>\n\t\t\t\t\t<\/a>\n\t\t\t\t<\/div>\n\t\t\t\t\t\t\t\t<\/div>\n\t\t\t\t<\/div>\n\t\t\t\t\t<\/div>\n\t\t<\/div>\n\t\t\t\t<div class=\"elementor-column elementor-col-50 elementor-inner-column elementor-element elementor-element-3eb33b3\" data-id=\"3eb33b3\" data-element_type=\"column\">\n\t\t\t<div class=\"elementor-widget-wrap elementor-element-populated\">\n\t\t\t\t\t\t<div class=\"elementor-element elementor-element-ea88d4e elementor-align-left elementor-hidden-desktop elementor-hidden-tablet elementor-hidden-mobile elementor-widget elementor-widget-button\" data-id=\"ea88d4e\" data-element_type=\"widget\" data-widget_type=\"button.default\">\n\t\t\t\t<div class=\"elementor-widget-container\">\n\t\t\t\t\t\t\t\t\t<div class=\"elementor-button-wrapper\">\n\t\t\t\t\t<a class=\"elementor-button elementor-button-link elementor-size-sm\" href=\"#elementor-action%3Aaction%3Dpopup%3Aopen%26settings%3DeyJpZCI6IjY5MSIsInRvZ2dsZSI6ZmFsc2V9\">\n\t\t\t\t\t\t<span class=\"elementor-button-content-wrapper\">\n\t\t\t\t\t\t<span class=\"elementor-button-icon\">\n\t\t\t\t<i aria-hidden=\"true\" class=\"fas fa-random\"><\/i>\t\t\t<\/span>\n\t\t\t\t\t\t\t\t\t<span class=\"elementor-button-text\">Random Fact<\/span>\n\t\t\t\t\t<\/span>\n\t\t\t\t\t<\/a>\n\t\t\t\t<\/div>\n\t\t\t\t\t\t\t\t<\/div>\n\t\t\t\t<\/div>\n\t\t\t\t\t<\/div>\n\t\t<\/div>\n\t\t\t\t\t<\/div>\n\t\t<\/section>\n\t\t\t\t<section class=\"elementor-section elementor-inner-section elementor-element elementor-element-0c9eb28 elementor-section-content-middle elementor-section-boxed elementor-section-height-default elementor-section-height-default wd-section-disabled\" data-id=\"0c9eb28\" data-element_type=\"section\">\n\t\t\t\t\t\t<div class=\"elementor-container elementor-column-gap-default\">\n\t\t\t\t\t<div class=\"elementor-column elementor-col-100 elementor-inner-column elementor-element elementor-element-d4adb9f\" data-id=\"d4adb9f\" data-element_type=\"column\">\n\t\t\t<div class=\"elementor-widget-wrap elementor-element-populated\">\n\t\t\t\t\t\t<div class=\"elementor-element elementor-element-d1d4831 elementor-widget elementor-widget-spacer\" data-id=\"d1d4831\" data-element_type=\"widget\" data-widget_type=\"spacer.default\">\n\t\t\t\t<div class=\"elementor-widget-container\">\n\t\t\t\t\t\t\t<div class=\"elementor-spacer\">\n\t\t\t<div class=\"elementor-spacer-inner\"><\/div>\n\t\t<\/div>\n\t\t\t\t\t\t<\/div>\n\t\t\t\t<\/div>\n\t\t\t\t\t<\/div>\n\t\t<\/div>\n\t\t\t\t\t<\/div>\n\t\t<\/section>\n\t\t\t\t\t<\/div>\n\t\t<\/div>\n\t\t\t\t<div class=\"elementor-column elementor-col-50 elementor-top-column elementor-element elementor-element-8f06c06\" data-id=\"8f06c06\" data-element_type=\"column\">\n\t\t\t<div class=\"elementor-widget-wrap elementor-element-populated\">\n\t\t\t\t\t\t<div class=\"elementor-element elementor-element-8a58368 elementor-widget__width-initial elementor-widget elementor-widget-image\" data-id=\"8a58368\" data-element_type=\"widget\" data-widget_type=\"image.default\">\n\t\t\t\t<div class=\"elementor-widget-container\">\n\t\t\t\t\t\t\t\t\t\t\t\t\t\t\t<img fetchpriority=\"high\" decoding=\"async\" width=\"310\" height=\"476\" src=\"https:\/\/growthlife.space\/wp-content\/uploads\/2024\/01\/speaking.png\" class=\"attachment-full size-full wp-image-1472\" alt=\"\" srcset=\"https:\/\/growthlife.space\/wp-content\/uploads\/2024\/01\/speaking.png 310w, https:\/\/growthlife.space\/wp-content\/uploads\/2024\/01\/speaking-195x300.png 195w\" sizes=\"(max-width: 310px) 100vw, 310px\" \/>\t\t\t\t\t\t\t\t\t\t\t\t\t\t\t<\/div>\n\t\t\t\t<\/div>\n\t\t\t\t\t<\/div>\n\t\t<\/div>\n\t\t\t\t\t<\/div>\n\t\t<\/section>\n\t\t\t\t<section class=\"elementor-section elementor-top-section elementor-element elementor-element-518fa3b elementor-section-boxed elementor-section-height-default elementor-section-height-default wd-section-disabled\" data-id=\"518fa3b\" data-element_type=\"section\">\n\t\t\t\t\t\t<div class=\"elementor-container elementor-column-gap-default\">\n\t\t\t\t\t<div class=\"elementor-column elementor-col-100 elementor-top-column elementor-element elementor-element-694fbfc\" data-id=\"694fbfc\" data-element_type=\"column\">\n\t\t\t<div class=\"elementor-widget-wrap elementor-element-populated\">\n\t\t\t\t\t\t<div class=\"elementor-element elementor-element-5536597 elementor-widget elementor-widget-wd_blog\" data-id=\"5536597\" data-element_type=\"widget\" data-widget_type=\"wd_blog.default\">\n\t\t\t\t<div class=\"elementor-widget-container\">\n\t\t\t\t\t\t\t\t<link rel=\"stylesheet\" id=\"wd-blog-base-css\" href=\"https:\/\/growthlife.space\/wp-content\/themes\/woodmart\/css\/parts\/blog-base.min.css?ver=7.3.2\" type=\"text\/css\" media=\"all\" \/> \t\t\t\t\t\t<link rel=\"stylesheet\" id=\"wd-blog-loop-base-old-css\" href=\"https:\/\/growthlife.space\/wp-content\/themes\/woodmart\/css\/parts\/blog-loop-base-old.min.css?ver=7.3.2\" type=\"text\/css\" media=\"all\" \/> \t\t\t\t\t\t<link rel=\"stylesheet\" id=\"wd-blog-loop-design-masonry-css\" href=\"https:\/\/growthlife.space\/wp-content\/themes\/woodmart\/css\/parts\/blog-loop-design-masonry.min.css?ver=7.3.2\" type=\"text\/css\" media=\"all\" \/> \t\t\t\t\t\t\t\t\t\t<div class=\"wd-blog-holder blog-shortcode blog-pagination-more-btn masonry-container wd-spacing-30 row\" id=\"69f2dbf4edc22\" data-paged=\"1\" data-atts=\"{&quot;post_type&quot;:&quot;post&quot;,&quot;items_per_page&quot;:24,&quot;include&quot;:null,&quot;taxonomies&quot;:[&quot;8&quot;],&quot;offset&quot;:&quot;&quot;,&quot;orderby&quot;:&quot;date&quot;,&quot;order&quot;:&quot;DESC&quot;,&quot;meta_key&quot;:null,&quot;exclude&quot;:&quot;&quot;,&quot;parts_media&quot;:true,&quot;parts_title&quot;:&quot;1&quot;,&quot;parts_meta&quot;:&quot;&quot;,&quot;parts_text&quot;:&quot;1&quot;,&quot;parts_btn&quot;:&quot;1&quot;,&quot;img_size&quot;:&quot;thumbnail&quot;,&quot;blog_design&quot;:&quot;masonry&quot;,&quot;blog_carousel_design&quot;:null,&quot;blog_columns&quot;:{&quot;unit&quot;:&quot;px&quot;,&quot;size&quot;:3,&quot;sizes&quot;:[]},&quot;blog_columns_tablet&quot;:{&quot;size&quot;:&quot;&quot;},&quot;blog_columns_mobile&quot;:{&quot;size&quot;:&quot;&quot;},&quot;blog_spacing&quot;:30,&quot;pagination&quot;:&quot;more-btn&quot;,&quot;speed&quot;:null,&quot;slides_per_view&quot;:null,&quot;slides_per_view_tablet&quot;:{&quot;size&quot;:&quot;&quot;},&quot;slides_per_view_mobile&quot;:{&quot;size&quot;:&quot;&quot;},&quot;wrap&quot;:null,&quot;autoplay&quot;:null,&quot;hide_pagination_control&quot;:null,&quot;hide_prev_next_buttons&quot;:null,&quot;scroll_per_page&quot;:null,&quot;lazy_loading&quot;:&quot;no&quot;,&quot;scroll_carousel_init&quot;:null,&quot;ajax_page&quot;:&quot;&quot;,&quot;custom_sizes&quot;:false,&quot;elementor&quot;:true}\" data-source=\"shortcode\">\n\t\t\t\n\t\t\t\t\t\t\t\t\t\t\t\t\t\t\t\t\t\t\t\n<article id=\"post-1596\" class=\"blog-design-masonry blog-post-loop blog-style-bg wd-add-shadow  col-lg-4 col-md-4 col-sm-6 col-12 post-1596 post type-post status-publish format-standard hentry category-ganduri\">\n\t<div class=\"article-inner\">\n\t\t\t\t\t<header class=\"entry-header\">\n\t\t\t\t\n\t\t\t\t\t\t\t\t\t\t\t\t<div class=\"post-date wd-post-date wd-style-with-bg\" onclick=\"\">\n\t\t\t\t<span class=\"post-date-day\">\n\t\t\t\t\t24\t\t\t\t<\/span>\n\t\t\t\t<span class=\"post-date-month\">\n\t\t\t\t\tMay\t\t\t\t<\/span>\n\t\t\t<\/div>\n\t\t\t\t\t\t\n\t\t\t<\/header><!-- .entry-header -->\n\n\t\t<div class=\"article-body-container\">\n\t\t\t\n\t\t\t\t\n\t\t\t\t\t\t\t\t\t<h3 class=\"wd-entities-title title post-title\">\n\t\t\t\t\t\t<a href=\"https:\/\/growthlife.space\/en\/3-2\/\" rel=\"bookmark\">#3<\/a>\n\t\t\t\t\t<\/h3>\n\t\t\t\t\n\t\t\t\t\t\t\t\n\t\t\t\t\t\t\t\n\t\t\t\t                    <div class=\"entry-content wd-entry-content\">\n\t\t\t\t\t\tStrategic choices - the main task of the management team We spend most of our time trying to get to...\n\t\t\t\t\t\t\t\t\t\t\t<\/div><!-- .entry-content -->\n\t\t\t\t\n\t\t\t\t\t\t\t\t\t\t\t\t\t\t<p class=\"read-more-section\">\n\t\t\t\t\t\t<a class=\"btn-read-more more-link\" href=\"https:\/\/growthlife.space\/en\/3-2\/\">Continue reading<\/a>\t\t\t\t\t<\/p>\n\t\t\t\t\t\t\t\t\t\t\t\n\t\t\t\n\t\t\t\t\t<\/div>\n\t<\/div>\n<\/article><!-- #post -->\n\n\n\t\t\t\t\t\t\t\t\t\t\t\t\t\t\t\t\t\t\t\n<article id=\"post-1470\" class=\"blog-design-masonry blog-post-loop blog-style-bg wd-add-shadow  col-lg-4 col-md-4 col-sm-6 col-12 first  post-1470 post type-post status-publish format-standard hentry category-ganduri\">\n\t<div class=\"article-inner\">\n\t\t\t\t\t<header class=\"entry-header\">\n\t\t\t\t\n\t\t\t\t\t\t\t\t\t\t\t\t<div class=\"post-date wd-post-date wd-style-with-bg\" onclick=\"\">\n\t\t\t\t<span class=\"post-date-day\">\n\t\t\t\t\t22\t\t\t\t<\/span>\n\t\t\t\t<span class=\"post-date-month\">\n\t\t\t\t\tJanuary\t\t\t\t<\/span>\n\t\t\t<\/div>\n\t\t\t\t\t\t\n\t\t\t<\/header><!-- .entry-header -->\n\n\t\t<div class=\"article-body-container\">\n\t\t\t\n\t\t\t\t\n\t\t\t\t\t\t\t\t\t<h3 class=\"wd-entities-title title post-title\">\n\t\t\t\t\t\t<a href=\"https:\/\/growthlife.space\/en\/2-2\/\" rel=\"bookmark\">#2<\/a>\n\t\t\t\t\t<\/h3>\n\t\t\t\t\n\t\t\t\t\t\t\t\n\t\t\t\t\t\t\t\n\t\t\t\t                    <div class=\"entry-content wd-entry-content\">\n\t\t\t\t\t\tGrowth, Purpose and Impact. These are the key topics on which I build any project. In all projects we connect 3 points...\n\t\t\t\t\t\t\t\t\t\t\t<\/div><!-- .entry-content -->\n\t\t\t\t\n\t\t\t\t\t\t\t\t\t\t\t\t\t\t<p class=\"read-more-section\">\n\t\t\t\t\t\t<a class=\"btn-read-more more-link\" href=\"https:\/\/growthlife.space\/en\/2-2\/\">Continue reading<\/a>\t\t\t\t\t<\/p>\n\t\t\t\t\t\t\t\t\t\t\t\n\t\t\t\n\t\t\t\t\t<\/div>\n\t<\/div>\n<\/article><!-- #post -->\n\n\n\t\t\t\t\t\t\t\t\t\t\t\t\t\t\t\t\t\t\t\n<article id=\"post-1462\" class=\"blog-design-masonry blog-post-loop blog-style-bg wd-add-shadow  col-lg-4 col-md-4 col-sm-6 col-12 post-1462 post type-post status-publish format-standard hentry category-ganduri\">\n\t<div class=\"article-inner\">\n\t\t\t\t\t<header class=\"entry-header\">\n\t\t\t\t\n\t\t\t\t\t\t\t\t\t\t\t\t<div class=\"post-date wd-post-date wd-style-with-bg\" onclick=\"\">\n\t\t\t\t<span class=\"post-date-day\">\n\t\t\t\t\t22\t\t\t\t<\/span>\n\t\t\t\t<span class=\"post-date-month\">\n\t\t\t\t\tJanuary\t\t\t\t<\/span>\n\t\t\t<\/div>\n\t\t\t\t\t\t\n\t\t\t<\/header><!-- .entry-header -->\n\n\t\t<div class=\"article-body-container\">\n\t\t\t\n\t\t\t\t\n\t\t\t\t\t\t\t\t\t<h3 class=\"wd-entities-title title post-title\">\n\t\t\t\t\t\t<a href=\"https:\/\/growthlife.space\/en\/1-2\/\" rel=\"bookmark\">#1<\/a>\n\t\t\t\t\t<\/h3>\n\t\t\t\t\n\t\t\t\t\t\t\t\n\t\t\t\t\t\t\t\n\t\t\t\t                    <div class=\"entry-content wd-entry-content\">\n\t\t\t\t\t\tThe essence of our life is contained in the word Growth. And from birth we grow in all aspects of our lives. Sometimes I...\n\t\t\t\t\t\t\t\t\t\t\t<\/div><!-- .entry-content -->\n\t\t\t\t\n\t\t\t\t\t\t\t\t\t\t\t\t\t\t<p class=\"read-more-section\">\n\t\t\t\t\t\t<a class=\"btn-read-more more-link\" href=\"https:\/\/growthlife.space\/en\/1-2\/\">Continue reading<\/a>\t\t\t\t\t<\/p>\n\t\t\t\t\t\t\t\t\t\t\t\n\t\t\t\n\t\t\t\t\t<\/div>\n\t<\/div>\n<\/article><!-- #post -->\n\n\n\t\t\t\t\n\t\t\t\t\t\t\t<\/div>\n\t\t\t\n\t\t\t\t\t\t\t\t\t\t<\/div>\n\t\t\t\t<\/div>\n\t\t\t\t\t<\/div>\n\t\t<\/div>\n\t\t\t\t\t<\/div>\n\t\t<\/section>\n\t\t\t\t<\/div>","protected":false},"excerpt":{"rendered":"<p>Perspective proaspete despre cre\u0219tere, sens \u0219i impact. Lec\u021bii de sales, marketing sau leadership scurte \u0219i eficiente. Livrate s\u0103pt\u0103m\u00e2nal. Aboneaz\u0103-te gratuit<\/p>","protected":false},"author":1,"featured_media":0,"parent":0,"menu_order":0,"comment_status":"closed","ping_status":"closed","template":"","meta":{"footnotes":""},"class_list":["post-49","page","type-page","status-publish","hentry"],"yoast_head":"<!-- This site is optimized with the Yoast SEO plugin v26.5 - https:\/\/yoast.com\/wordpress\/plugins\/seo\/ -->\n<title>G\u00e2nduri - Growth Life<\/title>\n<meta name=\"robots\" content=\"index, follow, max-snippet:-1, max-image-preview:large, max-video-preview:-1\" \/>\n<link rel=\"canonical\" href=\"https:\/\/growthlife.space\/en\/ganduri\/\" \/>\n<meta property=\"og:locale\" content=\"en_US\" \/>\n<meta property=\"og:type\" content=\"article\" \/>\n<meta property=\"og:title\" content=\"G\u00e2nduri - Growth Life\" \/>\n<meta property=\"og:description\" content=\"Perspective proaspete despre cre\u0219tere, sens \u0219i impact. Lec\u021bii de sales, marketing sau leadership scurte \u0219i eficiente. Livrate s\u0103pt\u0103m\u00e2nal. Aboneaz\u0103-te gratuit\" \/>\n<meta property=\"og:url\" content=\"https:\/\/growthlife.space\/en\/ganduri\/\" \/>\n<meta property=\"og:site_name\" content=\"Growth Life\" \/>\n<meta property=\"article:modified_time\" content=\"2024-01-22T13:19:16+00:00\" \/>\n<meta property=\"og:image\" content=\"https:\/\/growthlife.space\/wp-content\/uploads\/2024\/01\/speaking.png\" \/>\n<meta name=\"twitter:card\" content=\"summary_large_image\" \/>\n<meta name=\"twitter:label1\" content=\"Est. reading time\" \/>\n\t<meta name=\"twitter:data1\" content=\"1 minute\" \/>\n<script type=\"application\/ld+json\" class=\"yoast-schema-graph\">{\"@context\":\"https:\/\/schema.org\",\"@graph\":[{\"@type\":\"WebPage\",\"@id\":\"https:\/\/growthlife.space\/ganduri\/\",\"url\":\"https:\/\/growthlife.space\/ganduri\/\",\"name\":\"G\u00e2nduri - Growth Life\",\"isPartOf\":{\"@id\":\"https:\/\/growthlife.space\/#website\"},\"primaryImageOfPage\":{\"@id\":\"https:\/\/growthlife.space\/ganduri\/#primaryimage\"},\"image\":{\"@id\":\"https:\/\/growthlife.space\/ganduri\/#primaryimage\"},\"thumbnailUrl\":\"https:\/\/growthlife.space\/wp-content\/uploads\/2024\/01\/speaking.png\",\"datePublished\":\"2023-10-17T18:49:54+00:00\",\"dateModified\":\"2024-01-22T13:19:16+00:00\",\"breadcrumb\":{\"@id\":\"https:\/\/growthlife.space\/ganduri\/#breadcrumb\"},\"inLanguage\":\"en-US\",\"potentialAction\":[{\"@type\":\"ReadAction\",\"target\":[\"https:\/\/growthlife.space\/ganduri\/\"]}]},{\"@type\":\"ImageObject\",\"inLanguage\":\"en-US\",\"@id\":\"https:\/\/growthlife.space\/ganduri\/#primaryimage\",\"url\":\"https:\/\/growthlife.space\/wp-content\/uploads\/2024\/01\/speaking.png\",\"contentUrl\":\"https:\/\/growthlife.space\/wp-content\/uploads\/2024\/01\/speaking.png\"},{\"@type\":\"BreadcrumbList\",\"@id\":\"https:\/\/growthlife.space\/ganduri\/#breadcrumb\",\"itemListElement\":[{\"@type\":\"ListItem\",\"position\":1,\"name\":\"Home\",\"item\":\"https:\/\/growthlife.space\/\"},{\"@type\":\"ListItem\",\"position\":2,\"name\":\"G\u00e2nduri\"}]},{\"@type\":\"WebSite\",\"@id\":\"https:\/\/growthlife.space\/#website\",\"url\":\"https:\/\/growthlife.space\/\",\"name\":\"Growth Life\",\"description\":\"\",\"publisher\":{\"@id\":\"https:\/\/growthlife.space\/#organization\"},\"potentialAction\":[{\"@type\":\"SearchAction\",\"target\":{\"@type\":\"EntryPoint\",\"urlTemplate\":\"https:\/\/growthlife.space\/?s={search_term_string}\"},\"query-input\":{\"@type\":\"PropertyValueSpecification\",\"valueRequired\":true,\"valueName\":\"search_term_string\"}}],\"inLanguage\":\"en-US\"},{\"@type\":\"Organization\",\"@id\":\"https:\/\/growthlife.space\/#organization\",\"name\":\"Growth Life\",\"url\":\"https:\/\/growthlife.space\/\",\"logo\":{\"@type\":\"ImageObject\",\"inLanguage\":\"en-US\",\"@id\":\"https:\/\/growthlife.space\/#\/schema\/logo\/image\/\",\"url\":\"https:\/\/growthlife.space\/wp-content\/uploads\/2023\/10\/logo-horizontal.svg\",\"contentUrl\":\"https:\/\/growthlife.space\/wp-content\/uploads\/2023\/10\/logo-horizontal.svg\",\"width\":50800,\"height\":11562,\"caption\":\"Growth Life\"},\"image\":{\"@id\":\"https:\/\/growthlife.space\/#\/schema\/logo\/image\/\"}}]}<\/script>\n<!-- \/ Yoast SEO plugin. -->","yoast_head_json":{"title":"G\u00e2nduri - Growth Life","robots":{"index":"index","follow":"follow","max-snippet":"max-snippet:-1","max-image-preview":"max-image-preview:large","max-video-preview":"max-video-preview:-1"},"canonical":"https:\/\/growthlife.space\/en\/ganduri\/","og_locale":"en_US","og_type":"article","og_title":"G\u00e2nduri - Growth Life","og_description":"Perspective proaspete despre cre\u0219tere, sens \u0219i impact. Lec\u021bii de sales, marketing sau leadership scurte \u0219i eficiente. Livrate s\u0103pt\u0103m\u00e2nal. Aboneaz\u0103-te gratuit","og_url":"https:\/\/growthlife.space\/en\/ganduri\/","og_site_name":"Growth Life","article_modified_time":"2024-01-22T13:19:16+00:00","og_image":[{"url":"https:\/\/growthlife.space\/wp-content\/uploads\/2024\/01\/speaking.png","type":"","width":"","height":""}],"twitter_card":"summary_large_image","twitter_misc":{"Est. reading time":"1 minute"},"schema":{"@context":"https:\/\/schema.org","@graph":[{"@type":"WebPage","@id":"https:\/\/growthlife.space\/ganduri\/","url":"https:\/\/growthlife.space\/ganduri\/","name":"G\u00e2nduri - Growth Life","isPartOf":{"@id":"https:\/\/growthlife.space\/#website"},"primaryImageOfPage":{"@id":"https:\/\/growthlife.space\/ganduri\/#primaryimage"},"image":{"@id":"https:\/\/growthlife.space\/ganduri\/#primaryimage"},"thumbnailUrl":"https:\/\/growthlife.space\/wp-content\/uploads\/2024\/01\/speaking.png","datePublished":"2023-10-17T18:49:54+00:00","dateModified":"2024-01-22T13:19:16+00:00","breadcrumb":{"@id":"https:\/\/growthlife.space\/ganduri\/#breadcrumb"},"inLanguage":"en-US","potentialAction":[{"@type":"ReadAction","target":["https:\/\/growthlife.space\/ganduri\/"]}]},{"@type":"ImageObject","inLanguage":"en-US","@id":"https:\/\/growthlife.space\/ganduri\/#primaryimage","url":"https:\/\/growthlife.space\/wp-content\/uploads\/2024\/01\/speaking.png","contentUrl":"https:\/\/growthlife.space\/wp-content\/uploads\/2024\/01\/speaking.png"},{"@type":"BreadcrumbList","@id":"https:\/\/growthlife.space\/ganduri\/#breadcrumb","itemListElement":[{"@type":"ListItem","position":1,"name":"Home","item":"https:\/\/growthlife.space\/"},{"@type":"ListItem","position":2,"name":"G\u00e2nduri"}]},{"@type":"WebSite","@id":"https:\/\/growthlife.space\/#website","url":"https:\/\/growthlife.space\/","name":"Growth Life","description":"","publisher":{"@id":"https:\/\/growthlife.space\/#organization"},"potentialAction":[{"@type":"SearchAction","target":{"@type":"EntryPoint","urlTemplate":"https:\/\/growthlife.space\/?s={search_term_string}"},"query-input":{"@type":"PropertyValueSpecification","valueRequired":true,"valueName":"search_term_string"}}],"inLanguage":"en-US"},{"@type":"Organization","@id":"https:\/\/growthlife.space\/#organization","name":"Growth Life","url":"https:\/\/growthlife.space\/","logo":{"@type":"ImageObject","inLanguage":"en-US","@id":"https:\/\/growthlife.space\/#\/schema\/logo\/image\/","url":"https:\/\/growthlife.space\/wp-content\/uploads\/2023\/10\/logo-horizontal.svg","contentUrl":"https:\/\/growthlife.space\/wp-content\/uploads\/2023\/10\/logo-horizontal.svg","width":50800,"height":11562,"caption":"Growth Life"},"image":{"@id":"https:\/\/growthlife.space\/#\/schema\/logo\/image\/"}}]}},"_links":{"self":[{"href":"https:\/\/growthlife.space\/en\/wp-json\/wp\/v2\/pages\/49","targetHints":{"allow":["GET"]}}],"collection":[{"href":"https:\/\/growthlife.space\/en\/wp-json\/wp\/v2\/pages"}],"about":[{"href":"https:\/\/growthlife.space\/en\/wp-json\/wp\/v2\/types\/page"}],"author":[{"embeddable":true,"href":"https:\/\/growthlife.space\/en\/wp-json\/wp\/v2\/users\/1"}],"replies":[{"embeddable":true,"href":"https:\/\/growthlife.space\/en\/wp-json\/wp\/v2\/comments?post=49"}],"version-history":[{"count":180,"href":"https:\/\/growthlife.space\/en\/wp-json\/wp\/v2\/pages\/49\/revisions"}],"predecessor-version":[{"id":1527,"href":"https:\/\/growthlife.space\/en\/wp-json\/wp\/v2\/pages\/49\/revisions\/1527"}],"wp:attachment":[{"href":"https:\/\/growthlife.space\/en\/wp-json\/wp\/v2\/media?parent=49"}],"curies":[{"name":"wp","href":"https:\/\/api.w.org\/{rel}","templated":true}]}}